{"id":2223,"date":"2024-01-24T20:14:35","date_gmt":"2024-01-24T19:14:35","guid":{"rendered":"https:\/\/iberlac.es\/?page_id=2223"},"modified":"2024-02-06T02:47:42","modified_gmt":"2024-02-06T01:47:42","slug":"declaracion-de-accesibilidad","status":"publish","type":"page","link":"https:\/\/iberlac.es\/en\/declaracion-de-accesibilidad\/","title":{"rendered":"Declaraci\u00f3n de accesibilidad"},"content":{"rendered":"<p><strong>Ib\u00e9rica de Lacados S.L.<\/strong>&nbsp;se ha comprometido a hacer accesible su sitio web, de conformidad con el Real Decreto 1112\/2018, de 7 de septiembre, sobre accesibilidad de los sitios web y aplicaciones para dispositivos m\u00f3viles del sector p\u00fablico.<\/p>\n\n\n\n<p>La presente declaraci\u00f3n de accesibilidad se aplica al sitio web <strong>https:\/\/iberlac.es<\/strong>:<\/p>\n\n\n\n<h3 class=\"wp-block-heading\"><strong>Situaci\u00f3n de cumplimiento<\/strong><strong><\/strong><\/h3>\n\n\n\n<p>Este sitio web es parcialmente conforme con el RD 1112\/2018 debido a las excepciones y a la falta de conformidad de los aspectos que se indican en el siguiente punto.<\/p>\n\n\n\n<h3 class=\"wp-block-heading\"><strong>Contenido no accesible<\/strong><strong><\/strong><\/h3>\n\n\n\n<p>El contenido que se recoge a continuaci\u00f3n no es accesible por lo siguiente:<\/p>\n\n\n\n<p><strong>a) Falta de conformidad con el RD 1112\/2018<\/strong><\/p>\n\n\n\n<ul>\n<li>Podr\u00edan existir errores de c\u00f3digo puntuales de edici\u00f3n en alguna p\u00e1gina web [4.1.1 Procesamiento].<\/li>\n\n\n\n<li>Existen logotipos e im\u00e1genes con texto alternativo incorrecto o confuso e im\u00e1genes complejas sin descripci\u00f3n textual [requisito n\u00famero 9.1.1.1 Contenido no textual, de UNE-EN 301549:2022].<\/li>\n\n\n\n<li>Existen listas creadas de forma incorrecta (sin etiqueta de lista), tablas con celdas etiquetadas incorrectamente y etiquetas invisibles en elementos de formularios [requisito n\u00famero 9.1.3.1 Informaci\u00f3n y relaciones, de UNE-EN 301549:2022].<\/li>\n\n\n\n<li>Existen tablas no adaptadas a tama\u00f1os de pantalla peque\u00f1os y campos de formulario que no se visualizan correctamente en tama\u00f1os de pantalla peque\u00f1os [requisito n\u00famero 9.1.4.10 Reajuste de texto, de UNE-EN 301549:2022].<\/li>\n\n\n\n<li>Existe texto que al cambiar los espacios y alturas de l\u00ednea no se visualiza correctamente [requisito n\u00famero 9.1.4.12 Espaciado de texto, de UNE-EN 301549:2022].<\/li>\n\n\n\n<li>Existen elementos que no son accesibles por teclado, como por ejemplo enlaces a redes sociales, el editor de textos para comentarios, elementos para ordenar resultados de b\u00fasqueda, la paginaci\u00f3n de los resultados de b\u00fasqueda o las flechas de calendario [requisito n\u00famero 9.2.1.1 Teclado, de UNE-EN 301549:2022].<\/li>\n\n\n\n<li>Hay elementos que no reciben el foco y por tanto no se puede interactuar con ellos mediante el teclado, por ejemplo [requisito n\u00famero 9.2.4.3 Orden del foco, de UNE-EN 301549:2022].<\/li>\n\n\n\n<li>Hay enlaces en los que no se identifica correctamente su funci\u00f3n (tienen una descripci\u00f3n inadecuada, un texto demasiado gen\u00e9rico, un title inadecuado\u2026) [requisito n\u00famero 9.2.4.4 Prop\u00f3sito de los enlaces, de UNE-EN 301549:2022].<\/li>\n\n\n\n<li>Hay encabezados con texto repetido y\/o poco descriptivo [requisito n\u00famero 9.2.4.6 Encabezados y etiquetas, de UNE-EN 301549:2022].<\/li>\n\n\n\n<li>Existen im\u00e1genes, infograf\u00edas, textos de enlaces o botones, texto de titulares y contenido que no est\u00e1n traducidos a otros idiomas [requisito n\u00famero 9.3.1.2 Idioma de las partes, de UNE-EN 301549:2022].<\/li>\n\n\n\n<li>En alguna p\u00e1gina se est\u00e1 usando el mismo icono para diferentes prop\u00f3sitos, lo cual genera confusi\u00f3n [requisito n\u00famero 9.3.2.4 Identificaci\u00f3n coherente, de UNE-EN 301549:2022].<\/li>\n\n\n\n<li>Existen mensajes de error poco descriptivos, o mensajes de error que no est\u00e1n agrupados en un \u00fanico mensaje as\u00ed como falta de sugerencias en formulario para rellenar los campos correctamente [requisito n\u00famero 9.3.3.1 Identificaci\u00f3n de errores, de UNE-EN 301549:2022].<\/li>\n\n\n\n<li>Existen formularios con campos obligatorios donde no se informa al usuario de ello, as\u00ed como campos donde falta un ejemplo textual del formato del campo (como por ejemplo el DNI) [requisito n\u00famero 9.3.3.2 Etiquetas e instrucciones, de UNE-EN 301549:2022].<\/li>\n\n\n\n<li>Existen campos de formularios donde se informa del error cuando se introduce un valor incorrecto pero no se informa de una sugerencia para su correcci\u00f3n [requisito n\u00famero 9.3.3.3 Sugerencias ante errores, de UNE-EN 301549:2022].<\/li>\n\n\n\n<li>Existen p\u00e1ginas con errores de sintaxis y por tanto alg\u00fan producto de apoyo puede no interpretar correctamente el contenido (IDs de p\u00e1gina duplicados, etiquetas sin cerrar, construcci\u00f3n incorrecta de etiquetas\u2026) [requisito n\u00famero 9.4.1.1 Procesamiento, de UNE-EN 301549:2022].<\/li>\n\n\n\n<li>Existen p\u00e1ginas en las que los productos de apoyo no van a poder obtener informaci\u00f3n, interactuar y estar al corriente del estado de los controles de interfaz de usuario, como por ejemplo, mensajes de ayuda, mensajes de estado de resultado de acciones, atributos de enlaces, imagen de idioma de p\u00e1gina\u2026 que no podr\u00e1n ser le\u00eddo por lectores de pantalla en el momento en el que aparecen [requisito n\u00famero 9.4.1.2 Nombre, funci\u00f3n, valor de UNE-EN 301549:2022].<\/li>\n\n\n\n<li>Podr\u00edan existir fallos puntuales de edici\u00f3n en alguna p\u00e1gina web.<\/li>\n<\/ul>\n\n\n\n<p><strong>b) Carga desproporcionada<br><\/strong>No aplica.<\/p>\n\n\n\n<h3 class=\"wp-block-heading\">Preparaci\u00f3n de la declaraci\u00f3n de accesibilidad<\/h3>\n\n\n\n<p>La presente declaraci\u00f3n fue preparada el <strong>24 de enero de 2024<\/strong>.<br>El m\u00e9todo empleado para preparar la declaraci\u00f3n ha sido una autoevaluaci\u00f3n llevada a cabo por la empresa desarrolladora del sitio web: <strong>Telentic Servicios Inform\u00e1ticos<\/strong>.<\/p>\n\n\n\n<h3 class=\"wp-block-heading\">Observaciones y datos de contacto<\/h3>\n\n\n\n<p>Puede comunicar incumplimientos en los requisitos de accesibilidad de nuestro sitio web, dificultad de acceso al contenido, o realizar sugerencias y mejoras, a trav\u00e9s de nuestra direcci\u00f3n de e-mail: <strong>info@iberlac.es<\/strong><\/p>\n\n\n\n<h3 class=\"wp-block-heading\">Contenido opcional<\/h3>\n\n\n\n<p>Este sitio web est\u00e1 dise\u00f1ado para poder cambiar el tama\u00f1o del texto y el contraste mediante la utilizaci\u00f3n de un plugin de accesibilidad espec\u00edfico situado en el sitio web y que puede identificar mediante los iconos:<\/p>\n\n\n\n<figure class=\"wp-block-image size-full\"><img decoding=\"async\" width=\"40\" height=\"99\" src=\"https:\/\/iberlac.es\/wp-content\/uploads\/2024\/01\/icono-accesib.png\" alt=\"Icono accesibilidad\" class=\"wp-image-2263\" srcset=\"https:\/\/iberlac.es\/wp-content\/uploads\/2024\/01\/icono-accesib.png 40w, https:\/\/iberlac.es\/wp-content\/uploads\/2024\/01\/icono-accesib-5x12.png 5w\" sizes=\"(max-width: 40px) 100vw, 40px\" \/><\/figure>\n\n\n\n<p>Adem\u00e1s, puede utilizar las opciones de configuraci\u00f3n est\u00e1ndar de los navegadores.<br>Si desea cambiar el tama\u00f1o de letra en los principales navegadores gr\u00e1ficos, utilice la opci\u00f3n correspondiente accediendo desde el men\u00fa del navegador.<br>Para modificar el tama\u00f1o de todo en la p\u00e1gina:<\/p>\n\n\n\n<p>Ctrl + + para aumentarlo<br>Ctrl + &#8211; para disminuirlo<br>Ctrl + 0 restaura el tama\u00f1o original del texto<\/p>\n\n\n\n<p>El sitio web est\u00e1 optimizado para las \u00faltimas versiones vigentes de Chrome, Edge, Firefox, Safari y Opera. La resoluci\u00f3n web m\u00ednima recomendada es de 1280&#215;1024. El sitio web est\u00e1 dise\u00f1ado para su visualizaci\u00f3n Responsive, con lo que se visualiza de forma \u00f3ptima en los dispositivos tablet y m\u00f3viles.<\/p>","protected":false},"excerpt":{"rendered":"<p>Ib\u00e9rica de Lacados S.L.&nbsp;se ha comprometido a hacer accesible su sitio web, de conformidad con el Real Decreto 1112\/2018, de 7 de septiembre, sobre accesibilidad de los sitios web y aplicaciones para dispositivos m\u00f3viles del sector p\u00fablico. La presente declaraci\u00f3n de accesibilidad se aplica al sitio web https:\/\/iberlac.es: Situaci\u00f3n de cumplimiento Este sitio web es [&hellip;]<\/p>","protected":false},"author":2,"featured_media":0,"parent":0,"menu_order":0,"comment_status":"closed","ping_status":"closed","template":"","meta":{"footnotes":""},"blocksy_meta":[],"_links":{"self":[{"href":"https:\/\/iberlac.es\/en\/wp-json\/wp\/v2\/pages\/2223"}],"collection":[{"href":"https:\/\/iberlac.es\/en\/wp-json\/wp\/v2\/pages"}],"about":[{"href":"https:\/\/iberlac.es\/en\/wp-json\/wp\/v2\/types\/page"}],"author":[{"embeddable":true,"href":"https:\/\/iberlac.es\/en\/wp-json\/wp\/v2\/users\/2"}],"replies":[{"embeddable":true,"href":"https:\/\/iberlac.es\/en\/wp-json\/wp\/v2\/comments?post=2223"}],"version-history":[{"count":6,"href":"https:\/\/iberlac.es\/en\/wp-json\/wp\/v2\/pages\/2223\/revisions"}],"predecessor-version":[{"id":2265,"href":"https:\/\/iberlac.es\/en\/wp-json\/wp\/v2\/pages\/2223\/revisions\/2265"}],"wp:attachment":[{"href":"https:\/\/iberlac.es\/en\/wp-json\/wp\/v2\/media?parent=2223"}],"curies":[{"name":"wp","href":"https:\/\/api.w.org\/{rel}","templated":true}]}}